{"id":701,"date":"2011-05-20T18:49:43","date_gmt":"2011-05-21T01:49:43","guid":{"rendered":"https:\/\/wpthemetestdata.wordpress.com\/?page_id=701"},"modified":"2026-03-16T13:44:44","modified_gmt":"2026-03-16T12:44:44","slug":"front-page","status":"publish","type":"page","link":"https:\/\/konkursi.ntpark.me\/me\/","title":{"rendered":"Po\u010detna strana"},"content":{"rendered":"\n<div class=\"wp-block-buttons !max-w-[90%] md:!max-w-[502px] is-content-justification-left is-layout-flex wp-container-core-buttons-is-layout-3ea9f33e wp-block-buttons-is-layout-flex\">\n<div style=\"--wp--block-button--width: 100;\" class=\"wp-block-button is-style-fill has-custom-width wp-block-button__width wp-block-button__width-100\"><a class=\"wp-block-button__link has-base-color has-text-color has-link-color wp-element-button\" href=\"\/me\/registruj-se\/\">Registrujte se<\/a><\/div>\n\n\n\n<div style=\"--wp--block-button--width: 100;\" class=\"wp-block-button is-style-link  font-light has-custom-width wp-block-button__width wp-block-button__width-100 is-style-link--1\"><a class=\"wp-block-button__link has-contrast-color has-text-color has-link-color wp-element-button\" href=\"\/me\/login\/\">Ve\u0107 imam profil<\/a><\/div>\n<\/div>\n\n\n\n<div class=\"wp-block-group has-global-padding is-layout-constrained wp-block-group-is-layout-constrained\">\n<div style=\"margin-top:0;margin-bottom:0;height:17px\" aria-hidden=\"true\" class=\"wp-block-spacer md:hidden\"><\/div>\n\n\n\n<div style=\"margin-top:0;margin-bottom:0;height:32px\" aria-hidden=\"true\" class=\"wp-block-spacer hidden md:block\"><\/div>\n\n\n\n<hr class=\"wp-block-separator has-text-color has-base-4-color has-alpha-channel-opacity has-base-4-background-color has-background is-style-wide\" style=\"margin-top:0;margin-bottom:0\"\/>\n\n\n\n<div style=\"margin-top:0;margin-bottom:0;height:32px\" aria-hidden=\"true\" class=\"wp-block-spacer hidden md:block\"><\/div>\n\n\n\n<div style=\"margin-top:0;margin-bottom:0;height:17px\" aria-hidden=\"true\" class=\"wp-block-spacer md:hidden\"><\/div>\n\n\n\n<p class=\"has-contrast-4-color has-text-color has-link-color has-text-body-sm-font-size wp-elements-946687bdef98a0b813a2861bb26f866a wp-block-paragraph\" style=\"margin-top:0;margin-bottom:0;line-height:1.7\">Ukoliko ste gre\u0161kom pristupili ovome linku vratite se nazad na glavni portal klikom na slede\u0107i link:&nbsp;<a href=\"https:\/\/ntpark.me\/\" target=\"_blank\" rel=\"noreferrer noopener\"><span class=\"has-inline-classes underline text-black\">Nau\u010dno-tehnolo\u0161ki park Crne Gore<\/span><\/a><\/p>\n<\/div>\n\n\n\n<p class=\"wp-block-paragraph\"><\/p>\n","protected":false},"excerpt":{"rendered":"<p>Ukoliko ste gre\u0161kom pristupili ovome linku vratite se nazad na glavni portal klikom na slede\u0107i link:&nbsp;Nau\u010dno-tehnolo\u0161ki park Crne Gore<\/p>","protected":false},"author":1,"featured_media":3449,"parent":0,"menu_order":0,"comment_status":"open","ping_status":"closed","template":"blank","meta":{"_acf_changed":false,"_crdt_document":"","footnotes":""},"class_list":["post-701","page","type-page","status-publish","has-post-thumbnail","hentry"],"acf":[],"_links":{"self":[{"href":"https:\/\/konkursi.ntpark.me\/me\/wp-json\/wp\/v2\/pages\/701","targetHints":{"allow":["GET"]}}],"collection":[{"href":"https:\/\/konkursi.ntpark.me\/me\/wp-json\/wp\/v2\/pages"}],"about":[{"href":"https:\/\/konkursi.ntpark.me\/me\/wp-json\/wp\/v2\/types\/page"}],"author":[{"embeddable":true,"href":"https:\/\/konkursi.ntpark.me\/me\/wp-json\/wp\/v2\/users\/1"}],"replies":[{"embeddable":true,"href":"https:\/\/konkursi.ntpark.me\/me\/wp-json\/wp\/v2\/comments?post=701"}],"version-history":[{"count":5,"href":"https:\/\/konkursi.ntpark.me\/me\/wp-json\/wp\/v2\/pages\/701\/revisions"}],"predecessor-version":[{"id":6883,"href":"https:\/\/konkursi.ntpark.me\/me\/wp-json\/wp\/v2\/pages\/701\/revisions\/6883"}],"wp:featuredmedia":[{"embeddable":true,"href":"https:\/\/konkursi.ntpark.me\/me\/wp-json\/wp\/v2\/media\/3449"}],"wp:attachment":[{"href":"https:\/\/konkursi.ntpark.me\/me\/wp-json\/wp\/v2\/media?parent=701"}],"curies":[{"name":"wp","href":"https:\/\/api.w.org\/{rel}","templated":true}]}}